{"id":7590,"date":"2024-04-01T12:18:14","date_gmt":"2024-04-01T12:18:14","guid":{"rendered":"https:\/\/www.sinotoplus.com\/?page_id=7590"},"modified":"2025-12-26T10:24:56","modified_gmt":"2025-12-26T10:24:56","slug":"types-of-demulsifiers","status":"publish","type":"page","link":"https:\/\/www.sinotoplus.com\/es\/types-of-demulsifiers\/","title":{"rendered":"OEM\/ODM"},"content":{"rendered":"<div class=\"wpb-content-wrapper\"><div data-vc-full-width=\"true\" data-vc-full-width-init=\"false\" data-vc-parallax-image=\"https:\/\/www.youtube.com\/watch?v=RFegGbflsk0\" data-vc-video-bg=\"https:\/\/www.youtube.com\/watch?v=RFegGbflsk0\" class=\"vc_row wpb_row vc_row-fluid vc_custom_1650936033091 vc_row-has-fill vc_video-bg-container wd-parallax wd-row-gradient-enable wd-rs-626748c8d0159\"><div class=\"woodmart-row-gradient wd-fill\" style=\"background-image:-webkit-linear-gradient(left , rgba(0, 0, 0, 0.65) , rgba(0, 0, 0, 0.624) 100%);background-image:linear-gradient(to right , rgba(0, 0, 0, 0.65) , rgba(0, 0, 0, 0.624) 100%);\"><\/div><div class=\"wpb_column vc_column_container vc_col-sm-12 wd-rs-626748ec46c42\"><div class=\"vc_column-inner vc_custom_1650936050234\"><div class=\"wpb_wrapper\">\t\t<div id=\"wd-6620fc2f2f1f4\" class=\"wd-text-block wd-wpb reset-last-child wd-rs-6620fc2f2f1f4 hidden-md hidden-sm hidden-xs text-center color-scheme-light wd-font-weight-600 wd-fontsize-s font-primary vc_custom_1713437778737\">\n\t\t\t<p>Types Of Demulsifiers OEM\/ODM Factory<\/p>\n\t\t<\/div>\n\t\t\n\t\t<div id=\"wd-6621fa7460bc1\" class=\"title-wrapper wd-wpb set-mb-s reset-last-child  wd-rs-6621fa7460bc1 wd-title-color-white wd-title-style-default text-center vc_custom_1713502983953 wd-width-enabled wd-underline-colored\" style=\"--wd-max-width: 50%;\">\n\t\t\t\n\t\t\t<div class=\"liner-continer\">\n\t\t\t\t<h4 class=\"woodmart-title-container title  wd-font-weight- wd-fontsize-xxxl\" >Decrease Cost &amp; Expand Market Share<\/h4>\n\t\t\t\t\t\t\t<\/div>\n\t\t\t\n\t\t\t\t\t\t\t<div class=\"title-after_title  set-cont-mb-s reset-last-child  wd-fontsize-s\">It's destiny that you encounter Toplus in the colorful world. From now on, let's start your various types of Demulsifiers OEM\/ODM.<\/div>\n\t\t\t\n\t\t\t\n\t\t<\/div>\n\t\t\n\t\t<\/div><\/div><\/div><div class=\"wpb_column vc_column_container vc_col-sm-6 vc_col-lg-3 vc_col-md-3\"><div class=\"vc_column-inner vc_custom_1499669319732\"><div class=\"wpb_wrapper\">\t\t\t<div class=\"info-box-wrapper\">\n\t\t\t\t<div id=\"wd-647964925e6b2\" class=\"wd-rs-647964925e6b2 wd-info-box wd-wpb text-left box-icon-align-left box-style- color-scheme-light wd-bg-none wd-items-top vc_custom_1685677260890\">\n\t\t\t\t\t\t\t\t\t\t<div class=\"info-box-content\">\n\t\t\t\t\t\t<h4 class=\"info-box-title title box-title-style-default wd-fontsize-s\">Costo ahorrado<\/h4>\t\t\t\t\t\t<div class=\"info-box-inner set-cont-mb-s reset-last-child\"><p>El servicio qu\u00edmico OEM\/ODM de Toplus ahorrar\u00e1 significativamente su preciado tiempo y su inversi\u00f3n en I+D.<\/p>\n<\/div>\n\n\t\t\t\t\t\t\t\t\t\t\t<\/div>\n\n\t\t\t\t\t\n\t\t\t\t\t\t\t\t\t<\/div>\n\t\t\t<\/div>\n\t\t<\/div><\/div><\/div><div class=\"wpb_column vc_column_container vc_col-sm-6 vc_col-lg-3 vc_col-md-3\"><div class=\"vc_column-inner vc_custom_1499669331084\"><div class=\"wpb_wrapper\">\t\t\t<div class=\"info-box-wrapper\">\n\t\t\t\t<div id=\"wd-64776735f2b40\" class=\"wd-rs-64776735f2b40 wd-info-box wd-wpb text-left box-icon-align-left box-style- color-scheme-light wd-bg-none wd-items-top vc_custom_1685546918920\">\n\t\t\t\t\t\t\t\t\t\t<div class=\"info-box-content\">\n\t\t\t\t\t\t<h4 class=\"info-box-title title box-title-style-default wd-fontsize-s\">Tecnolog\u00eda compatible<\/h4>\t\t\t\t\t\t<div class=\"info-box-inner set-cont-mb-s reset-last-child\"><p>El s\u00f3lido soporte t\u00e9cnico de Toplus apoyar\u00e1 perfectamente la realizaci\u00f3n de la idea que tiene en mente.<\/p>\n<\/div>\n\n\t\t\t\t\t\t\t\t\t\t\t<\/div>\n\n\t\t\t\t\t\n\t\t\t\t\t\t\t\t\t<\/div>\n\t\t\t<\/div>\n\t\t<\/div><\/div><\/div><div class=\"wpb_column vc_column_container vc_col-sm-6 vc_col-lg-3 vc_col-md-3\"><div class=\"vc_column-inner vc_custom_1499669343848\"><div class=\"wpb_wrapper\">\t\t\t<div class=\"info-box-wrapper\">\n\t\t\t\t<div id=\"wd-661f71b54d621\" class=\"wd-rs-661f71b54d621 wd-info-box wd-wpb text-left box-icon-align-left box-style- color-scheme-light wd-bg-none wd-items-top vc_custom_1713336765536\">\n\t\t\t\t\t\t\t\t\t\t<div class=\"info-box-content\">\n\t\t\t\t\t\t<h4 class=\"info-box-title title box-title-style-default wd-fontsize-s\">Personalidad a medida<\/h4>\t\t\t\t\t\t<div class=\"info-box-inner set-cont-mb-s reset-last-child\"><p>Toplus offers custom types of Demulsifiers chemical services, from cargo packing to specified products or even iterations.<\/p>\n<\/div>\n\n\t\t\t\t\t\t\t\t\t\t\t<\/div>\n\n\t\t\t\t\t\n\t\t\t\t\t\t\t\t\t<\/div>\n\t\t\t<\/div>\n\t\t<\/div><\/div><\/div><div class=\"wpb_column vc_column_container vc_col-sm-6 vc_col-lg-3 vc_col-md-3\"><div class=\"vc_column-inner vc_custom_1499669356596\"><div class=\"wpb_wrapper\">\t\t\t<div class=\"info-box-wrapper\">\n\t\t\t\t<div id=\"wd-6477682bbf5d9\" class=\"wd-rs-6477682bbf5d9 wd-info-box wd-wpb text-left box-icon-align-left box-style- color-scheme-light wd-bg-none wd-items-top vc_custom_1685547262792\">\n\t\t\t\t\t\t\t\t\t\t<div class=\"info-box-content\">\n\t\t\t\t\t\t<h4 class=\"info-box-title title box-title-style-default wd-fontsize-s\">Suministro Garantizado<\/h4>\t\t\t\t\t\t<div class=\"info-box-inner set-cont-mb-s reset-last-child\"><p>La s\u00f3lida y estable cadena de suministro de productos qu\u00edmicos personalizados de Toplus garantiza sus necesidades en cualquier momento y lugar.<\/p>\n<\/div>\n\n\t\t\t\t\t\t\t\t\t\t\t<\/div>\n\n\t\t\t\t\t\n\t\t\t\t\t\t\t\t\t<\/div>\n\t\t\t<\/div>\n\t\t<\/div><\/div><\/div><\/div><div class=\"vc_row-full-width vc_clearfix\"><\/div><div class=\"vc_row wpb_row vc_row-fluid vc_custom_1650936418286 vc_row-o-content-middle vc_row-flex wd-rs-62674a59e4613\"><div class=\"wpb_column vc_column_container vc_col-sm-12 vc_col-lg-6 vc_col-md-5\"><div class=\"vc_column-inner vc_custom_1559914851446\"><div class=\"wpb_wrapper\">\t\t<div id=\"wd-6622347f887d8\" data-parallax='{\"y\":\"40\",\"smoothness\":\"30\"}' class=\"wd-image wd-wpb wd-rs-6622347f887d8 text-center vc_custom_1713517715569\">\n\t\t\t\n\t\t\t<img loading=\"lazy\" decoding=\"async\" width=\"750\" height=\"750\" src=\"https:\/\/www.sinotoplus.com\/wp-content\/uploads\/2024\/04\/Produce-your-Own-Branded.jpg\" class=\"attachment-full size-full\" alt=\"types of Demulsifiers\" srcset=\"https:\/\/www.sinotoplus.com\/wp-content\/uploads\/2024\/04\/Produce-your-Own-Branded.jpg 750w, https:\/\/www.sinotoplus.com\/wp-content\/uploads\/2024\/04\/Produce-your-Own-Branded-300x300.jpg 300w, https:\/\/www.sinotoplus.com\/wp-content\/uploads\/2024\/04\/Produce-your-Own-Branded-150x150.jpg 150w, https:\/\/www.sinotoplus.com\/wp-content\/uploads\/2024\/04\/Produce-your-Own-Branded-12x12.jpg 12w, https:\/\/www.sinotoplus.com\/wp-content\/uploads\/2024\/04\/Produce-your-Own-Branded-430x430.jpg 430w, https:\/\/www.sinotoplus.com\/wp-content\/uploads\/2024\/04\/Produce-your-Own-Branded-700x700.jpg 700w\" sizes=\"auto, (max-width: 750px) 100vw, 750px\" \/>\n\t\t\t\t\t<\/div>\n\t\t<\/div><\/div><\/div><div class=\"wpb_column vc_column_container vc_col-sm-12 vc_col-lg-offset-0 vc_col-lg-6 vc_col-md-offset-0 vc_col-md-6\"><div class=\"vc_column-inner vc_custom_1559994060257\"><div class=\"wpb_wrapper\">\t\t\t<div id=\"wd-641f54123175e\" class=\"wd-text-block-wrapper wd-wpb wd-rs-641f54123175e color-scheme-custom text-left vc_custom_1679774749431\">\n\t\t\t\t<div class=\"woodmart-title-container woodmart-text-block reset-last-child font-primary wd-font-weight-900\">\n\t\t\t\t\tOEM\t\t\t\t<\/div>\n\n\t\t\t\t\t\t\t<\/div>\n\t\t\n\t\t<div id=\"wd-6621fc58e3248\" class=\"title-wrapper wd-wpb set-mb-s reset-last-child  wd-rs-6621fc58e3248 wd-title-color-default wd-title-style-default text-left vc_custom_1713503331193 wd-width-custom wd-underline-bordered\">\n\t\t\t\n\t\t\t<div class=\"liner-continer\">\n\t\t\t\t<h4 class=\"woodmart-title-container title  wd-font-weight-400 wd-fontsize-l\" >Produce tu <strong><u>Marca Propia<\/u><\/strong> desemulsionante<\/h4>\n\t\t\t\t\t\t\t<\/div>\n\t\t\t\n\t\t\t\n\t\t\t\n\t\t<\/div>\n\t\t\n\t\t\t\t<div id=\"wd-694e627084432\" class=\"wd-text-block wd-wpb reset-last-child wd-rs-694e627084432 text-left wd-fontsize-custom vc_custom_1766744713358\">\n\t\t\t<p>El equipo de producci\u00f3n avanzado del mundo y la capacidad estable de producci\u00f3n y suministro.<\/p>\n<p>What&#8217;s chemical OEM meaning? In brief, Toplus&#8217;s custom <a href=\"https:\/\/www.sinotoplus.com\/es\/chemical\/\">Qu\u00edmico<\/a> Los servicios ayudan a los clientes a darse cuenta de la liberaci\u00f3n de capacidad real.<\/p>\n<p>Brindamos un conjunto completo de servicios OEM de productos qu\u00edmicos, como embalaje, marcas de env\u00edo, etc. Toplus produce en estricta conformidad con los requisitos del cliente y acepta todas las formas de inspecci\u00f3n de terceros antes del env\u00edo. Desde la prueba de los productos hasta el embalaje y el env\u00edo completos finales, ayudamos a los clientes a crear marcas a partir de los detalles. Toplus tiene la s\u00f3lida capacidad de cumplir con los requisitos de calidad qu\u00edmica personalizados del cliente.<\/p>\n\t\t<\/div>\n\t\t<div id=\"wd-5cf67c737ad2b\" class=\"wd-rs-5cf67c737ad2b  wd-button-wrapper text-center inline-element\"><a  class=\"btn btn-color-primary btn-style-default btn-style-round btn-size-default\">Sobre nosotros<\/a><\/div><div id=\"wd-64777b1b9b195\" class=\"wd-rs-64777b1b9b195  wd-button-wrapper text-center inline-element\"><a href=\"https:\/\/www.sinotoplus.com\/es\/chemical\/\" title=\"\" class=\"btn btn-color-default btn-style-bordered btn-style-round btn-size-default\">OEM AHORA<\/a><\/div><\/div><\/div><\/div><\/div><div class=\"vc_row wpb_row vc_row-fluid vc_custom_1650936431179 vc_row-o-content-middle vc_row-flex row-reverse-mobile row-reverse-tablet wd-rs-62674a69b1e48\"><div data-parallax='{\"y\":\"-30\",\"smoothness\":\"30\"}' class=\"wpb_column vc_column_container vc_col-sm-12 vc_col-md-5 wd-rs-61129018673c8\"><div class=\"vc_column-inner vc_custom_1628606491143\"><div class=\"wpb_wrapper\">\t\t\t<div id=\"wd-6422ed76456f1\" class=\"wd-text-block-wrapper wd-wpb wd-rs-6422ed76456f1 color-scheme-custom text-left vc_custom_1680010620235\">\n\t\t\t\t<div class=\"woodmart-title-container woodmart-text-block reset-last-child font-primary wd-font-weight-900\">\n\t\t\t\t\tODM\t\t\t\t<\/div>\n\n\t\t\t\t\t\t\t<\/div>\n\t\t\n\t\t<div id=\"wd-6621fc402d64c\" class=\"title-wrapper wd-wpb set-mb-s reset-last-child  wd-rs-6621fc402d64c wd-title-color-default wd-title-style-default text-left vc_custom_1713503300242 wd-width-custom wd-underline-bordered\">\n\t\t\t\n\t\t\t<div class=\"liner-continer\">\n\t\t\t\t<h4 class=\"woodmart-title-container title  wd-font-weight-400 wd-fontsize-l\" >La mejor selecci\u00f3n de <strong><u>Altamente adaptado<\/u><\/strong> types of Demulsifiers<\/h4>\n\t\t\t\t\t\t\t<\/div>\n\t\t\t\n\t\t\t\n\t\t\t\n\t\t<\/div>\n\t\t\n\t\t\t\t<div id=\"wd-661f71f531dd4\" class=\"wd-text-block wd-wpb reset-last-child wd-rs-661f71f531dd4 text-left wd-fontsize-custom vc_custom_1713336828284\">\n\t\t\t<p>Equipo de I+D altamente especializado y amplia experiencia en productos de mercado.<\/p>\n<p>En primer lugar, Toplus responde activamente a todas las necesidades de los clientes y combina las necesidades de los clientes y el desarrollo de la industria del mercado. Brindamos a los clientes un proceso integrado desde la planificaci\u00f3n y el dise\u00f1o hasta la fabricaci\u00f3n del producto. Por \u00faltimo, Toplus presentar\u00e1 una soluci\u00f3n qu\u00edmica personalizada combinada con estrategias de marketing para enfatizar la demanda personalizada del cliente.<\/p>\n<p>Toplus realiza an\u00e1lisis, producci\u00f3n, pruebas y ajustes de acuerdo con los requisitos de los clientes para cumplir con los productos qu\u00edmicos personalizados. Finalmente, proporcionamos a los clientes muestras para probar hasta la satisfacci\u00f3n de los clientes. Toplus se compromete a tomar la afirmaci\u00f3n de los clientes finales como nuestro \u00faltimo objetivo y garant\u00eda de investigaci\u00f3n y desarrollo. Finalmente, Toplus completar\u00e1 la producci\u00f3n y env\u00edo del producto bajo un completo sistema de control de calidad.<\/p>\n<p>Toplus combines technology, R&amp;D, production, and logistics personnel into one team. Therefore, we are devoted to the custom types of Demulsifiers chemical services for each customer and strive to meet customer requirements flexibly.<\/p>\n\t\t<\/div>\n\t\t\t\t<div id=\"gallery_541\" class=\"wd-images-gallery wd-wpb photoswipe-images wd-carousel-container wd-wpb\" style=\"--wd-justify-content:center;--wd-align-items:center;\">\n\t\t\t\t\t\t\t<div class=\"wd-carousel-inner\">\n\t\t\t\n\t\t\t<div class=\"wd-carousel wd-grid\"data-scroll_per_page=\"yes\" style=\"--wd-col-lg:3;--wd-col-md:3;--wd-col-sm:1;--wd-gap-lg:30px;--wd-gap-sm:10px;\">\n\t\t\t\t\t\t\t\t\t<div class=\"wd-carousel-wrap\">\n\t\t\t\t\n\t\t\t\t\t\t\t\t\t\t\t\t\t\t\t<div class=\"wd-gallery-item wd-carousel-item\">\n\t\t\t\t\t\t\t\t\t\t\t\t\t\t<a href=\"\" data-elementor-open-lightbox=\"no\" data-index=\"1\" data-width=\"\" data-height=\"\" \n\t\t\t\t\t\t\t\t\t\t\t\t >\n\t\t\t\t\t\t\t\t\n\t\t\t\t\t\t\t\t\n\t\t\t\t\t\t\t\t\t\t\t\t\t\t\t<\/a>\n\t\t\t\t\t\t\t\t\t\t\t\t<\/div>\n\t\t\t\t\t\t\t\t\t\t\t<div class=\"wd-gallery-item wd-carousel-item\">\n\t\t\t\t\t\t\t\t\t\t\t\t\t\t<a href=\"\" data-elementor-open-lightbox=\"no\" data-index=\"2\" data-width=\"\" data-height=\"\" \n\t\t\t\t\t\t\t\t\t\t\t\t >\n\t\t\t\t\t\t\t\t\n\t\t\t\t\t\t\t\t\n\t\t\t\t\t\t\t\t\t\t\t\t\t\t\t<\/a>\n\t\t\t\t\t\t\t\t\t\t\t\t<\/div>\n\t\t\t\t\t\t\t\t\t\t\t<div class=\"wd-gallery-item wd-carousel-item\">\n\t\t\t\t\t\t\t\t\t\t\t\t\t\t<a href=\"\" data-elementor-open-lightbox=\"no\" data-index=\"3\" data-width=\"\" data-height=\"\" \n\t\t\t\t\t\t\t\t\t\t\t\t >\n\t\t\t\t\t\t\t\t\n\t\t\t\t\t\t\t\t\n\t\t\t\t\t\t\t\t\t\t\t\t\t\t\t<\/a>\n\t\t\t\t\t\t\t\t\t\t\t\t<\/div>\n\t\t\t\t\t\t\t\t\t\n\t\t\t\t\t\t\t\t\t<\/div>\n\t\t\t\t\t\t\t<\/div>\n\n\t\t\t\t\t\t\t\n\t\t\t\t<\/div>\n\n\t\t\t\t\t\t\t\t\t\t\t\t\t<\/div>\n\t\t<div id=\"wd-5c6c3330125e2\" class=\"wd-rs-5c6c3330125e2  wd-button-wrapper text-center inline-element\"><a href=\"#\" title=\"\" class=\"btn btn-color-primary btn-style-default btn-style-rectangle btn-size-default\">Cont\u00e1ctenos<\/a><\/div><div id=\"wd-6423391c1b7a5\" class=\"wd-rs-6423391c1b7a5  wd-button-wrapper text-center inline-element\"><a href=\"#\" title=\"\" class=\"btn btn-color-default btn-style-bordered btn-style-rectangle btn-size-default\">ODM AHORA<\/a><\/div><\/div><\/div><\/div><div class=\"wpb_column vc_column_container vc_col-sm-12 vc_col-md-7 wd-rs-611290123523f\"><div class=\"vc_column-inner vc_custom_1628606486512\"><div class=\"wpb_wrapper\">\t\t<div id=\"wd-6622261cafa26\" data-parallax='{\"y\":\"40\",\"smoothness\":\"30\"}' class=\"wd-image wd-wpb wd-rs-6622261cafa26 text-center vc_custom_1713514019851\">\n\t\t\t\n\t\t\t<img loading=\"lazy\" decoding=\"async\" width=\"1440\" height=\"1080\" src=\"https:\/\/www.sinotoplus.com\/wp-content\/uploads\/2024\/04\/Best-selection-of-Highly-Tailored-1.jpg\" class=\"attachment-full size-full\" alt=\"types of Demulsifiers\" srcset=\"https:\/\/www.sinotoplus.com\/wp-content\/uploads\/2024\/04\/Best-selection-of-Highly-Tailored-1.jpg 1440w, https:\/\/www.sinotoplus.com\/wp-content\/uploads\/2024\/04\/Best-selection-of-Highly-Tailored-1-400x300.jpg 400w, https:\/\/www.sinotoplus.com\/wp-content\/uploads\/2024\/04\/Best-selection-of-Highly-Tailored-1-1067x800.jpg 1067w, https:\/\/www.sinotoplus.com\/wp-content\/uploads\/2024\/04\/Best-selection-of-Highly-Tailored-1-768x576.jpg 768w, https:\/\/www.sinotoplus.com\/wp-content\/uploads\/2024\/04\/Best-selection-of-Highly-Tailored-1-16x12.jpg 16w, https:\/\/www.sinotoplus.com\/wp-content\/uploads\/2024\/04\/Best-selection-of-Highly-Tailored-1-860x645.jpg 860w, https:\/\/www.sinotoplus.com\/wp-content\/uploads\/2024\/04\/Best-selection-of-Highly-Tailored-1-430x323.jpg 430w, https:\/\/www.sinotoplus.com\/wp-content\/uploads\/2024\/04\/Best-selection-of-Highly-Tailored-1-700x525.jpg 700w, https:\/\/www.sinotoplus.com\/wp-content\/uploads\/2024\/04\/Best-selection-of-Highly-Tailored-1-150x113.jpg 150w\" sizes=\"auto, (max-width: 1440px) 100vw, 1440px\" \/>\n\t\t\t\t\t<\/div>\n\t\t<div class=\"vc_empty_space\"   style=\"height: 20px\"><span class=\"vc_empty_space_inner\"><\/span><\/div>\t\t<div id=\"wd-6622261293092\" data-parallax='{\"y\":\"20\",\"smoothness\":\"30\"}' class=\"wd-image wd-wpb wd-rs-6622261293092 text-center vc_custom_1713514010163\">\n\t\t\t\n\t\t\t<img loading=\"lazy\" decoding=\"async\" width=\"2560\" height=\"1920\" src=\"https:\/\/www.sinotoplus.com\/wp-content\/uploads\/2024\/04\/Best-selection-of-Highly-Tailored-2-scaled.jpg\" class=\"attachment-full size-full\" alt=\"types of Demulsifiers\" srcset=\"https:\/\/www.sinotoplus.com\/wp-content\/uploads\/2024\/04\/Best-selection-of-Highly-Tailored-2-scaled.jpg 2560w, https:\/\/www.sinotoplus.com\/wp-content\/uploads\/2024\/04\/Best-selection-of-Highly-Tailored-2-400x300.jpg 400w, https:\/\/www.sinotoplus.com\/wp-content\/uploads\/2024\/04\/Best-selection-of-Highly-Tailored-2-1067x800.jpg 1067w, https:\/\/www.sinotoplus.com\/wp-content\/uploads\/2024\/04\/Best-selection-of-Highly-Tailored-2-768x576.jpg 768w, https:\/\/www.sinotoplus.com\/wp-content\/uploads\/2024\/04\/Best-selection-of-Highly-Tailored-2-1536x1152.jpg 1536w, https:\/\/www.sinotoplus.com\/wp-content\/uploads\/2024\/04\/Best-selection-of-Highly-Tailored-2-2048x1536.jpg 2048w, https:\/\/www.sinotoplus.com\/wp-content\/uploads\/2024\/04\/Best-selection-of-Highly-Tailored-2-16x12.jpg 16w, https:\/\/www.sinotoplus.com\/wp-content\/uploads\/2024\/04\/Best-selection-of-Highly-Tailored-2-860x645.jpg 860w, https:\/\/www.sinotoplus.com\/wp-content\/uploads\/2024\/04\/Best-selection-of-Highly-Tailored-2-430x323.jpg 430w, https:\/\/www.sinotoplus.com\/wp-content\/uploads\/2024\/04\/Best-selection-of-Highly-Tailored-2-700x525.jpg 700w, https:\/\/www.sinotoplus.com\/wp-content\/uploads\/2024\/04\/Best-selection-of-Highly-Tailored-2-150x113.jpg 150w\" sizes=\"auto, (max-width: 2560px) 100vw, 2560px\" \/>\n\t\t\t\t\t<\/div>\n\t\t<\/div><\/div><\/div><div class=\"wpb_column vc_column_container vc_col-sm-12\"><div class=\"vc_column-inner\"><div class=\"wpb_wrapper\"><\/div><\/div><\/div><div class=\"wpb_column vc_column_container vc_col-sm-12\"><div class=\"vc_column-inner\"><div class=\"wpb_wrapper\"><\/div><\/div><\/div><\/div>\n<\/div>","protected":false},"excerpt":{"rendered":"Types Of Demulsifiers OEM\/ODM Factory Decrease Cost &amp; Expand Market Share It's destiny that you encounter Toplus in the colorful","protected":false},"author":1,"featured_media":0,"parent":0,"menu_order":9,"comment_status":"closed","ping_status":"closed","template":"","meta":{"footnotes":""},"class_list":["post-7590","page","type-page","status-publish","hentry"],"yoast_head":"<!-- This site is optimized with the Yoast SEO Premium plugin v18.3 (Yoast SEO v22.5) - https:\/\/yoast.com\/wordpress\/plugins\/seo\/ -->\n<title>Types of Demulsifiers Customization Available | TOPLUS<\/title>\n<meta name=\"description\" content=\"Types of demulsifiers chemical services are available. Toplus provides chemical testing, analysis, substitutes, and relevant production.\" \/>\n<meta name=\"robots\" content=\"index, follow, max-snippet:-1, max-image-preview:large, max-video-preview:-1\" \/>\n<link rel=\"canonical\" href=\"https:\/\/www.sinotoplus.com\/es\/types-of-demulsifiers\/\" \/>\n<meta property=\"og:locale\" content=\"es_ES\" \/>\n<meta property=\"og:type\" content=\"article\" \/>\n<meta property=\"og:title\" content=\"OEM\/ODM\" \/>\n<meta property=\"og:description\" content=\"Types of demulsifiers chemical services are available. Toplus provides chemical testing, analysis, substitutes, and relevant production.\" \/>\n<meta property=\"og:url\" content=\"https:\/\/www.sinotoplus.com\/es\/types-of-demulsifiers\/\" \/>\n<meta property=\"og:site_name\" content=\"Sinotoplus\" \/>\n<meta property=\"article:modified_time\" content=\"2025-12-26T10:24:56+00:00\" \/>\n<meta property=\"og:image\" content=\"https:\/\/www.sinotoplus.com\/wp-content\/uploads\/2024\/04\/TOPLUS-1.png\" \/>\n\t<meta property=\"og:image:width\" content=\"1200\" \/>\n\t<meta property=\"og:image:height\" content=\"675\" \/>\n\t<meta property=\"og:image:type\" content=\"image\/png\" \/>\n<meta name=\"twitter:card\" content=\"summary_large_image\" \/>\n<meta name=\"twitter:label1\" content=\"Est. tiempo de leer\" \/>\n\t<meta name=\"twitter:data1\" content=\"4 minutes\" \/>\n<script type=\"application\/ld+json\" class=\"yoast-schema-graph\">{\"@context\":\"https:\/\/schema.org\",\"@graph\":[{\"@type\":\"WebPage\",\"@id\":\"https:\/\/www.sinotoplus.com\/types-of-demulsifiers\/\",\"url\":\"https:\/\/www.sinotoplus.com\/types-of-demulsifiers\/\",\"name\":\"Types of Demulsifiers Customization Available | TOPLUS\",\"isPartOf\":{\"@id\":\"https:\/\/www.sinotoplus.com\/#website\"},\"datePublished\":\"2024-04-01T12:18:14+00:00\",\"dateModified\":\"2025-12-26T10:24:56+00:00\",\"description\":\"Types of demulsifiers chemical services are available. Toplus provides chemical testing, analysis, substitutes, and relevant production.\",\"breadcrumb\":{\"@id\":\"https:\/\/www.sinotoplus.com\/types-of-demulsifiers\/#breadcrumb\"},\"inLanguage\":\"es-EC\",\"potentialAction\":[{\"@type\":\"ReadAction\",\"target\":[\"https:\/\/www.sinotoplus.com\/types-of-demulsifiers\/\"]}]},{\"@type\":\"BreadcrumbList\",\"@id\":\"https:\/\/www.sinotoplus.com\/types-of-demulsifiers\/#breadcrumb\",\"itemListElement\":[{\"@type\":\"ListItem\",\"position\":1,\"name\":\"Home\",\"item\":\"https:\/\/www.sinotoplus.com\/\"},{\"@type\":\"ListItem\",\"position\":2,\"name\":\"OEM\/ODM\"}]},{\"@type\":\"WebSite\",\"@id\":\"https:\/\/www.sinotoplus.com\/#website\",\"url\":\"https:\/\/www.sinotoplus.com\/\",\"name\":\"TOPLUS, Demulsifier, Demulsfiers, Demulsifier OIl and Gas\",\"description\":\"Demulsifier Manufactuer, Demulsifier Producer\",\"alternateName\":\"Sinotoplus\",\"potentialAction\":[{\"@type\":\"SearchAction\",\"target\":{\"@type\":\"EntryPoint\",\"urlTemplate\":\"https:\/\/www.sinotoplus.com\/?s={search_term_string}\"},\"query-input\":\"required name=search_term_string\"}],\"inLanguage\":\"es-EC\"}]}<\/script>\n<!-- \/ Yoast SEO Premium plugin. -->","yoast_head_json":{"title":"Types of Demulsifiers Customization Available | TOPLUS","description":"Types of demulsifiers chemical services are available. Toplus provides chemical testing, analysis, substitutes, and relevant production.","robots":{"index":"index","follow":"follow","max-snippet":"max-snippet:-1","max-image-preview":"max-image-preview:large","max-video-preview":"max-video-preview:-1"},"canonical":"https:\/\/www.sinotoplus.com\/es\/types-of-demulsifiers\/","og_locale":"es_ES","og_type":"article","og_title":"OEM\/ODM","og_description":"Types of demulsifiers chemical services are available. Toplus provides chemical testing, analysis, substitutes, and relevant production.","og_url":"https:\/\/www.sinotoplus.com\/es\/types-of-demulsifiers\/","og_site_name":"Sinotoplus","article_modified_time":"2025-12-26T10:24:56+00:00","og_image":[{"width":1200,"height":675,"url":"https:\/\/www.sinotoplus.com\/wp-content\/uploads\/2024\/04\/TOPLUS-1.png","type":"image\/png"}],"twitter_card":"summary_large_image","twitter_misc":{"Est. tiempo de leer":"4 minutes"},"schema":{"@context":"https:\/\/schema.org","@graph":[{"@type":"WebPage","@id":"https:\/\/www.sinotoplus.com\/types-of-demulsifiers\/","url":"https:\/\/www.sinotoplus.com\/types-of-demulsifiers\/","name":"Types of Demulsifiers Customization Available | TOPLUS","isPartOf":{"@id":"https:\/\/www.sinotoplus.com\/#website"},"datePublished":"2024-04-01T12:18:14+00:00","dateModified":"2025-12-26T10:24:56+00:00","description":"Types of demulsifiers chemical services are available. Toplus provides chemical testing, analysis, substitutes, and relevant production.","breadcrumb":{"@id":"https:\/\/www.sinotoplus.com\/types-of-demulsifiers\/#breadcrumb"},"inLanguage":"es-EC","potentialAction":[{"@type":"ReadAction","target":["https:\/\/www.sinotoplus.com\/types-of-demulsifiers\/"]}]},{"@type":"BreadcrumbList","@id":"https:\/\/www.sinotoplus.com\/types-of-demulsifiers\/#breadcrumb","itemListElement":[{"@type":"ListItem","position":1,"name":"Home","item":"https:\/\/www.sinotoplus.com\/"},{"@type":"ListItem","position":2,"name":"OEM\/ODM"}]},{"@type":"WebSite","@id":"https:\/\/www.sinotoplus.com\/#website","url":"https:\/\/www.sinotoplus.com\/","name":"TOPLUS, Demulsifier, Demulsfiers, Demulsifier OIl and Gas","description":"Demulsifier Manufactuer, Demulsifier Producer","alternateName":"Sinotoplus","potentialAction":[{"@type":"SearchAction","target":{"@type":"EntryPoint","urlTemplate":"https:\/\/www.sinotoplus.com\/?s={search_term_string}"},"query-input":"required name=search_term_string"}],"inLanguage":"es-EC"}]}},"_links":{"self":[{"href":"https:\/\/www.sinotoplus.com\/es\/wp-json\/wp\/v2\/pages\/7590","targetHints":{"allow":["GET"]}}],"collection":[{"href":"https:\/\/www.sinotoplus.com\/es\/wp-json\/wp\/v2\/pages"}],"about":[{"href":"https:\/\/www.sinotoplus.com\/es\/wp-json\/wp\/v2\/types\/page"}],"author":[{"embeddable":true,"href":"https:\/\/www.sinotoplus.com\/es\/wp-json\/wp\/v2\/users\/1"}],"replies":[{"embeddable":true,"href":"https:\/\/www.sinotoplus.com\/es\/wp-json\/wp\/v2\/comments?post=7590"}],"version-history":[{"count":0,"href":"https:\/\/www.sinotoplus.com\/es\/wp-json\/wp\/v2\/pages\/7590\/revisions"}],"wp:attachment":[{"href":"https:\/\/www.sinotoplus.com\/es\/wp-json\/wp\/v2\/media?parent=7590"}],"curies":[{"name":"wp","href":"https:\/\/api.w.org\/{rel}","templated":true}]}}